{"id":2,"date":"2024-05-13T13:06:52","date_gmt":"2024-05-13T13:06:52","guid":{"rendered":"https:\/\/lericicoast.it\/parcoletterario\/?page_id=2"},"modified":"2024-07-22T18:39:00","modified_gmt":"2024-07-22T18:39:00","slug":"associazione-amiche-e-amici-di-mary-shelley","status":"publish","type":"page","link":"https:\/\/lericicoast.it\/parcoletterario\/associazione-amiche-e-amici-di-mary-shelley\/","title":{"rendered":"Associazione Amiche e Amici di Mary Shelley"},"content":{"rendered":"<section class=\"wpb-content-wrapper\">[vc_row thb_full_width=&#8221;true&#8221; thb_shape_divider=&#8221;true&#8221; css=&#8221;.vc_custom_1720909744808{margin-bottom: 8vh !important;padding-top: 30vh !important;padding-bottom: 30vh !important;background-image: url(https:\/\/lericicoast.it\/parcoletterario\/wp-content\/uploads\/2018\/03\/shelley.png?id=311) !important;}&#8221; divider_shape=&#8221;grunge&#8221; thb_divider_color=&#8221;#ffffff&#8221;][vc_column el_class=&#8221;text-center align-center&#8221;]\t<div id=\"thb-slidetype-69e09cde4cdd3\" class=\"thb-slidetype \" data-style=\"style1\">\n\t\t\n<h1><span class=\"thb-slidetype-entry\"><span class=\"lines\">Associazione Amiche e Amici di Mary Shelley<\/span><\/span><\/h1>\n\t\t\t\t<style>\n\t\t\t#thb-slidetype-69e09cde4cdd3 .thb-slidetype-entry {\n\t\t\t\tcolor: #ffffff;\n\t\t\t}\n\t\t<\/style>\n\t\t\t<\/div>\n\n\t[\/vc_column][\/vc_row][vc_row el_class=&#8221;align-center&#8221;][vc_column offset=&#8221;vc_col-lg-8 vc_col-md-10&#8243;][vc_column_text animation=&#8221;animation bottom-to-top&#8221;]L\u2019Associazione <em>Amiche e amici di Mary Shelley<\/em> si \u00e8 costituita nel 1997 in occasione del bicentenario della nascita di Mary Shelley per promuoverne la conoscenza. Gli enti fondatori sono stati i Comuni di Lerici e di Viareggio, la Provincia della Spezia, l\u2019Azienda di Promozione Turistica (APT) e tutte le associazioni femminili della Spezia con il sostegno esterno di vari club Rotary e Lions: da allora molti enti sono stati soppressi e molte associazioni sono scomparse, e tuttavia, grazie soprattutto al sostegno del Comune di Lerici e alla partecipazione di appassionati dei pi\u00f9 svariati campi di ricerca, in collaborazione con il Centro Interuniversitario per lo Studio sul Romanticismo (CISR) dell\u2019Universit\u00e0 di Bologna, la Societ\u00e0 Italiana delle Letterate S.I.L., le Universit\u00e0 di Milano Genova e Roma \u201cTor Vergata\u201d, l\u2019Open Center di Carrara e la Keats Shelley House di Roma, l\u2019associazione continua a vivere e a produrre. I vari Enti che la compongono svolgono una intensa attivit\u00e0 di ricerca e divulgazione: saggi e traduzioni sono apparsi su tutte le testate italiane, e su rubriche specialistiche, nella <em>Rivista di Studi Romantici<\/em> diretta da Lilla Crisafulli e edita da Liguori, in <em>Leggendaria, rivista<\/em> diretta da Anna Maria Crispino e sul <em>Secolo XIX<\/em> a cura di Silvia Neonato, su <em>Leggere Donna<\/em>, rivista diretta da Luciana Tufani. Sono apparsi inoltre articoli sul <em>Times<\/em> di Londra a cura di Richard Owen, e sul <em>Wall Street Journal<\/em> a cura di Emanuela Borgatta. Si sono effettuati incontri, convegni, conferenze, interventi alla RAI, alla BBC e alla Radio Svizzera Italiana e lezioni alle Universit\u00e0 di Bari, Bologna, Milano, Venezia. Convegni, traduzioni, letture sceniche, rappresentazioni teatrali, percorsi letterari e turistici, eventi musicali: \u00e8 ampia la gamma di interventi svolti per approfondire la conoscenza di Mary Shelley. Il raggiungimento maggiore \u00e8 stata la traduzione del romanzo, allora inedito in Italia, <em>Valperga o vita e avventure di Castruccio degli Antelminelli Principe di Lucca<\/em>, a cura di Lilla Crisafulli e Kear Ellam, nella collana degli Oscar Mondadori nel 2007 (riedito nel 2021). Presidente e curatrice testi del sito <a href=\"https:\/\/lericicoast.it\/parcoletterario\/carla-sanguineti\/\"><strong>Carla Sanguineti.<\/strong><\/a><\/p>\n<p>&nbsp;<\/p>\n<p><a href=\"https:\/\/www.facebook.com\/profile.php?id=100076403173554\" target=\"_blank\" rel=\"noopener\">Pagina Ufficiale Facebook &#8211; Amiche e Amici di Mary Shelley<\/a>[\/vc_column_text][\/vc_column][\/vc_row]\n<\/section>","protected":false},"excerpt":{"rendered":"<p>[vc_row thb_full_width=&#8221;true&#8221; thb_shape_divider=&#8221;true&#8221; css=&#8221;.vc_custom_1720909744808{margin-bottom: 8vh !important;padding-top: 30vh !important;padding-bottom: 30vh !important;background-image: url(https:\/\/lericicoast.it\/parcoletterario\/wp-content\/uploads\/2018\/03\/shelley.png?id=311) !important;}&#8221; divider_shape=&#8221;grunge&#8221; thb_divider_color=&#8221;#ffffff&#8221;][vc_column el_class=&#8221;text-center align-center&#8221;][\/vc_column][\/vc_row][vc_row el_class=&#8221;align-center&#8221;][vc_column offset=&#8221;vc_col-lg-8 vc_col-md-10&#8243;][vc_column_text animation=&#8221;animation bottom-to-top&#8221;]L\u2019Associazione Amiche e amici di Mary Shelley si \u00e8 costituita nel 1997 in occasione del bicentenario della nascita di Mary Shelley per promuoverne la conoscenza. Gli enti fondatori sono stati i Comuni di Lerici e&hellip;<\/p>\n","protected":false},"author":1,"featured_media":0,"parent":0,"menu_order":0,"comment_status":"closed","ping_status":"closed","template":"","meta":{"footnotes":""},"class_list":["post-2","page","type-page","status-publish","hentry"],"_links":{"self":[{"href":"https:\/\/lericicoast.it\/parcoletterario\/wp-json\/wp\/v2\/pages\/2","targetHints":{"allow":["GET"]}}],"collection":[{"href":"https:\/\/lericicoast.it\/parcoletterario\/wp-json\/wp\/v2\/pages"}],"about":[{"href":"https:\/\/lericicoast.it\/parcoletterario\/wp-json\/wp\/v2\/types\/page"}],"author":[{"embeddable":true,"href":"https:\/\/lericicoast.it\/parcoletterario\/wp-json\/wp\/v2\/users\/1"}],"replies":[{"embeddable":true,"href":"https:\/\/lericicoast.it\/parcoletterario\/wp-json\/wp\/v2\/comments?post=2"}],"version-history":[{"count":10,"href":"https:\/\/lericicoast.it\/parcoletterario\/wp-json\/wp\/v2\/pages\/2\/revisions"}],"predecessor-version":[{"id":623,"href":"https:\/\/lericicoast.it\/parcoletterario\/wp-json\/wp\/v2\/pages\/2\/revisions\/623"}],"wp:attachment":[{"href":"https:\/\/lericicoast.it\/parcoletterario\/wp-json\/wp\/v2\/media?parent=2"}],"curies":[{"name":"wp","href":"https:\/\/api.w.org\/{rel}","templated":true}]}}